{"id":2977,"date":"2025-12-25T14:33:24","date_gmt":"2025-12-25T17:33:24","guid":{"rendered":"https:\/\/bruxariasolitaria.blog\/?post_type=product&#038;p=2977"},"modified":"2025-12-25T14:47:34","modified_gmt":"2025-12-25T17:47:34","slug":"leitura-de-oraculo","status":"publish","type":"product","link":"https:\/\/bruxariasolitaria.blog\/en\/produto\/leitura-de-oraculo\/","title":{"rendered":"Leitura de cartas"},"content":{"rendered":"<h1 class=\"_ap3a _aaco _aacu _aacx _aad7 _aade\" dir=\"auto\"><span style=\"font-size: 16px;\">Como ser\u00e1 o ano que vem? Ser\u00e1 que estou no caminho espiritual certo? Como ser\u00e1 minha vida amorosa? Acabei de ser demitido, e agora? Sinto que estou com energias ruins me cercando, o que houve? Meu ancestral tem alguma mensagem para mim?<\/span><\/h1>\n<p>Estas e outras s\u00e3o perguntas constantemente feitas por consulentes a oraculistas, que usam ferramentas para respond\u00ea-las. Mas nada \u00e9 fixo, vemos a foto do momento, mas n\u00e3o o filme todo, o que permite diferentes consultas a diferentes or\u00e1culos em diferentes momentos para nos orientarmos.<\/p>\n<p>Uma oraculista, no meu caso, cartomante, busca ajudar aqueles que a procuram (consulentes) traduzindo mensagens do Universo e daquilo que existe al\u00e9m de n\u00f3s atrav\u00e9s da leitura de cartas.<\/p>\n<p>Ol\u00e1, sou cartomante. Utilizo o tarot, baralho cigano, cartas do IChing, cartas de Animais de Poder entre muitos outros. Tenho certeza que podemos achar o or\u00e1culo correto para responder \u00e0s suas perguntas e orient\u00e1-lo ao melhor caminho.<\/p>\n<p>S\u00f3 entrar em contato aqui e veremos como posso ajudar!<\/p>","protected":false},"excerpt":{"rendered":"<div class=\"html-div xdj266r xat24cr x1lziwak xexx8yu xyri2b x18d9i69 x1c1uobl x9f619 xjbqb8w x78zum5 x15mokao x1ga7v0g x16uus16 xbiv7yw x2fvf9 x1n2onr6 x1plvlek xryxfnj x1c4vz4f x2lah0s xdt5ytf xqjyukv x1qjc9v5 x1oa3qoh x1nhvcw1\">\n<div><\/div>\n<\/div>\n<div class=\"xt0psk2\">\n<h1 class=\"_ap3a _aaco _aacu _aacx _aad7 _aade\" dir=\"auto\"><span style=\"font-size: 16px;\">Como ser\u00e1 o ano que vem? Ser\u00e1 que estou no caminho espiritual certo? Como ser\u00e1 minha vida amorosa? Acabei de ser demitido, e agora? Sinto que estou com energias ruins me cercando, o que houve? Meu ancestral tem alguma mensagem para mim?<\/span><\/h1>\n<p><span style=\"font-size: 16px;\">Estas e outras s\u00e3o perguntas constantemente feitas por consulentes a oraculistas, que usam ferramentas para respond\u00ea-las. Mas nada \u00e9 fixo, vemos a foto do momento, mas n\u00e3o o filme todo, o que permite diferentes consultas a diferentes or\u00e1culos em diferentes momentos para nos orientarmos.<\/span><\/p>\n<p><span style=\"font-size: 16px;\">Uma oraculista, no meu caso, cartomante, busca ajudar aqueles que a procuram (consulentes) traduzindo mensagens do Universo e daquilo que existe al\u00e9m de n\u00f3s atrav\u00e9s de baralhos. <\/span><\/p>\n<p><span style=\"font-size: 16px;\">Ol\u00e1, sou cartomante. Utilizo o tarot, baralho cigano, cartas do IChing, cartas de Animais de Poder entre muitos outros. Tenho certeza que podemos achar o or\u00e1culo correto para responder \u00e0s suas perguntas e orient\u00e1-lo ao melhor caminho. <\/span><\/p>\n<p><span style=\"font-size: 16px;\">S\u00f3 entrar em contato aqui pelo direct ou por e-mail e veremos como posso ajudar!<\/span><\/p>\n<\/div>","protected":false},"featured_media":2980,"comment_status":"open","ping_status":"closed","template":"","meta":{"give_campaign_id":0,"_crdt_document":""},"product_brand":[],"product_cat":[769435360],"product_tag":[769435362,769435364,769435363,769435361],"class_list":{"0":"post-2977","1":"product","2":"type-product","3":"status-publish","4":"has-post-thumbnail","6":"product_cat-leituras","7":"product_tag-cartas","8":"product_tag-cartomante","9":"product_tag-futuro","10":"product_tag-oraculo","12":"first","13":"instock","14":"virtual","15":"purchasable","16":"product-type-simple"},"yoast_head":"<!-- This site is optimized with the Yoast SEO Premium plugin v26.6 (Yoast SEO v27.4) - https:\/\/yoast.com\/product\/yoast-seo-premium-wordpress\/ -->\n<title>Leitura de cartas: Descubra Seu Futuro Hoje - Bruxaria Solit\u00e1ria - O caminho solit\u00e1rio sob as Tochas de H\u00e9cate<\/title>\n<meta name=\"description\" content=\"Desvende mist\u00e9rios e surpresas com a leitura de cartas. Permita-se explorar a sabedoria que elas oferecem e mude sua perspectiva! \u2728\" \/>\n<meta name=\"robots\" content=\"index, follow, max-snippet:-1, max-image-preview:large, max-video-preview:-1\" \/>\n<link rel=\"canonical\" href=\"https:\/\/bruxariasolitaria.blog\/en\/produto\/leitura-de-oraculo\/\" \/>\n<meta property=\"og:locale\" content=\"en_GB\" \/>\n<meta property=\"og:type\" content=\"article\" \/>\n<meta property=\"og:title\" content=\"Leitura de cartas\" \/>\n<meta property=\"og:description\" content=\"Desvende mist\u00e9rios e surpresas com a leitura de cartas. Permita-se explorar a sabedoria que elas oferecem e mude sua perspectiva! \u2728\" \/>\n<meta property=\"og:url\" content=\"https:\/\/bruxariasolitaria.blog\/en\/produto\/leitura-de-oraculo\/\" \/>\n<meta property=\"og:site_name\" content=\"Bruxaria Solit\u00e1ria - O caminho solit\u00e1rio sob as Tochas de H\u00e9cate\" \/>\n<meta property=\"article:modified_time\" content=\"2025-12-25T17:47:34+00:00\" \/>\n<meta property=\"og:image\" content=\"https:\/\/bruxariasolitaria.blog\/wp-content\/uploads\/2025\/12\/Sem-titulo-5.png\" \/>\n\t<meta property=\"og:image:width\" content=\"1080\" \/>\n\t<meta property=\"og:image:height\" content=\"1080\" \/>\n\t<meta property=\"og:image:type\" content=\"image\/png\" \/>\n<meta name=\"twitter:card\" content=\"summary_large_image\" \/>\n<meta name=\"twitter:label1\" content=\"Price\" \/>\n\t<meta name=\"twitter:data1\" content=\"&#082;&#036;&nbsp;250,00\" \/>\n\t<meta name=\"twitter:label2\" content=\"Availability\" \/>\n\t<meta name=\"twitter:data2\" content=\"In stock\" \/>\n<script type=\"application\/ld+json\" class=\"yoast-schema-graph\">{\"@context\":\"https:\\\/\\\/schema.org\",\"@graph\":[{\"@type\":\"WebPage\",\"@id\":\"https:\\\/\\\/bruxariasolitaria.blog\\\/produto\\\/leitura-de-oraculo\\\/\",\"url\":\"https:\\\/\\\/bruxariasolitaria.blog\\\/produto\\\/leitura-de-oraculo\\\/\",\"name\":\"Leitura de cartas: Descubra Seu Futuro Hoje - Bruxaria Solit\u00e1ria - O caminho solit\u00e1rio sob as Tochas de H\u00e9cate\",\"isPartOf\":{\"@id\":\"https:\\\/\\\/bruxariasolitaria.blog\\\/#website\"},\"primaryImageOfPage\":{\"@id\":\"https:\\\/\\\/bruxariasolitaria.blog\\\/produto\\\/leitura-de-oraculo\\\/#primaryimage\"},\"image\":{\"@id\":\"https:\\\/\\\/bruxariasolitaria.blog\\\/produto\\\/leitura-de-oraculo\\\/#primaryimage\"},\"thumbnailUrl\":\"https:\\\/\\\/i0.wp.com\\\/bruxariasolitaria.blog\\\/wp-content\\\/uploads\\\/2025\\\/12\\\/Sem-titulo-5.png?fit=1080%2C1080&ssl=1\",\"datePublished\":\"2025-12-25T17:33:24+00:00\",\"dateModified\":\"2025-12-25T17:47:34+00:00\",\"description\":\"Desvende mist\u00e9rios e surpresas com a leitura de cartas. Permita-se explorar a sabedoria que elas oferecem e mude sua perspectiva! \u2728\",\"breadcrumb\":{\"@id\":\"https:\\\/\\\/bruxariasolitaria.blog\\\/produto\\\/leitura-de-oraculo\\\/#breadcrumb\"},\"inLanguage\":\"en-GB\",\"potentialAction\":[{\"@type\":\"ReadAction\",\"target\":[\"https:\\\/\\\/bruxariasolitaria.blog\\\/produto\\\/leitura-de-oraculo\\\/\"]}]},{\"@type\":\"ImageObject\",\"inLanguage\":\"en-GB\",\"@id\":\"https:\\\/\\\/bruxariasolitaria.blog\\\/produto\\\/leitura-de-oraculo\\\/#primaryimage\",\"url\":\"https:\\\/\\\/i0.wp.com\\\/bruxariasolitaria.blog\\\/wp-content\\\/uploads\\\/2025\\\/12\\\/Sem-titulo-5.png?fit=1080%2C1080&ssl=1\",\"contentUrl\":\"https:\\\/\\\/i0.wp.com\\\/bruxariasolitaria.blog\\\/wp-content\\\/uploads\\\/2025\\\/12\\\/Sem-titulo-5.png?fit=1080%2C1080&ssl=1\",\"width\":1080,\"height\":1080},{\"@type\":\"BreadcrumbList\",\"@id\":\"https:\\\/\\\/bruxariasolitaria.blog\\\/produto\\\/leitura-de-oraculo\\\/#breadcrumb\",\"itemListElement\":[{\"@type\":\"ListItem\",\"position\":1,\"name\":\"Home\",\"item\":\"https:\\\/\\\/bruxariasolitaria.blog\\\/en\\\/\"},{\"@type\":\"ListItem\",\"position\":2,\"name\":\"Loja\",\"item\":\"https:\\\/\\\/bruxariasolitaria.blog\\\/loja\\\/\"},{\"@type\":\"ListItem\",\"position\":3,\"name\":\"Leitura de cartas\"}]},{\"@type\":\"WebSite\",\"@id\":\"https:\\\/\\\/bruxariasolitaria.blog\\\/#website\",\"url\":\"https:\\\/\\\/bruxariasolitaria.blog\\\/\",\"name\":\"Bruxaria Solit\u00e1ria - O caminho solit\u00e1rio sob as Tochas de H\u00e9cate\",\"description\":\"Blog pessoal de uma bruxa em forma\u00e7\u00e3o caminhando por si mesma sob a Lua\",\"publisher\":{\"@id\":\"https:\\\/\\\/bruxariasolitaria.blog\\\/#organization\"},\"potentialAction\":[{\"@type\":\"SearchAction\",\"target\":{\"@type\":\"EntryPoint\",\"urlTemplate\":\"https:\\\/\\\/bruxariasolitaria.blog\\\/?s={search_term_string}\"},\"query-input\":{\"@type\":\"PropertyValueSpecification\",\"valueRequired\":true,\"valueName\":\"search_term_string\"}}],\"inLanguage\":\"en-GB\"},{\"@type\":[\"Organization\",\"Place\"],\"@id\":\"https:\\\/\\\/bruxariasolitaria.blog\\\/#organization\",\"name\":\"Bruxaria Solit\u00e1ria - O caminho solit\u00e1rio sob as Tochas de H\u00e9cate\",\"url\":\"https:\\\/\\\/bruxariasolitaria.blog\\\/\",\"logo\":{\"@id\":\"https:\\\/\\\/bruxariasolitaria.blog\\\/produto\\\/leitura-de-oraculo\\\/#local-main-organization-logo\"},\"image\":{\"@id\":\"https:\\\/\\\/bruxariasolitaria.blog\\\/produto\\\/leitura-de-oraculo\\\/#local-main-organization-logo\"},\"telephone\":[],\"openingHoursSpecification\":[{\"@type\":\"OpeningHoursSpecification\",\"dayOfWeek\":[\"Sunday\",\"Monday\",\"Tuesday\",\"Wednesday\",\"Thursday\",\"Friday\",\"Saturday\"],\"opens\":\"09:00\",\"closes\":\"17:00\"}]},{\"@type\":\"ImageObject\",\"inLanguage\":\"en-GB\",\"@id\":\"https:\\\/\\\/bruxariasolitaria.blog\\\/produto\\\/leitura-de-oraculo\\\/#local-main-organization-logo\",\"url\":\"https:\\\/\\\/i0.wp.com\\\/bruxariasolitaria.blog\\\/wp-content\\\/uploads\\\/2024\\\/02\\\/Transparent-Logo-4.png?fit=2900%2C2121&ssl=1\",\"contentUrl\":\"https:\\\/\\\/i0.wp.com\\\/bruxariasolitaria.blog\\\/wp-content\\\/uploads\\\/2024\\\/02\\\/Transparent-Logo-4.png?fit=2900%2C2121&ssl=1\",\"width\":2900,\"height\":2121,\"caption\":\"Bruxaria Solit\u00e1ria - O caminho solit\u00e1rio sob as Tochas de H\u00e9cate\"}]}<\/script>\n<meta property=\"product:price:amount\" content=\"250.00\" \/>\n<meta property=\"product:price:currency\" content=\"BRL\" \/>\n<meta property=\"og:availability\" content=\"instock\" \/>\n<meta property=\"product:availability\" content=\"instock\" \/>\n<meta property=\"product:condition\" content=\"new\" \/>\n<!-- \/ Yoast SEO Premium plugin. -->","yoast_head_json":{"title":"Leitura de cartas: Descubra Seu Futuro Hoje - Bruxaria Solit\u00e1ria - O caminho solit\u00e1rio sob as Tochas de H\u00e9cate","description":"Desvende mist\u00e9rios e surpresas com a leitura de cartas. Permita-se explorar a sabedoria que elas oferecem e mude sua perspectiva! \u2728","robots":{"index":"index","follow":"follow","max-snippet":"max-snippet:-1","max-image-preview":"max-image-preview:large","max-video-preview":"max-video-preview:-1"},"canonical":"https:\/\/bruxariasolitaria.blog\/en\/produto\/leitura-de-oraculo\/","og_locale":"en_GB","og_type":"article","og_title":"Leitura de cartas","og_description":"Desvende mist\u00e9rios e surpresas com a leitura de cartas. Permita-se explorar a sabedoria que elas oferecem e mude sua perspectiva! \u2728","og_url":"https:\/\/bruxariasolitaria.blog\/en\/produto\/leitura-de-oraculo\/","og_site_name":"Bruxaria Solit\u00e1ria - O caminho solit\u00e1rio sob as Tochas de H\u00e9cate","article_modified_time":"2025-12-25T17:47:34+00:00","og_image":[{"width":1080,"height":1080,"url":"https:\/\/bruxariasolitaria.blog\/wp-content\/uploads\/2025\/12\/Sem-titulo-5.png","type":"image\/png"}],"twitter_card":"summary_large_image","twitter_misc":{"Price":"&#82;&#36;&nbsp;250,00","Availability":"In stock"},"schema":{"@context":"https:\/\/schema.org","@graph":[{"@type":"WebPage","@id":"https:\/\/bruxariasolitaria.blog\/produto\/leitura-de-oraculo\/","url":"https:\/\/bruxariasolitaria.blog\/produto\/leitura-de-oraculo\/","name":"Leitura de cartas: Descubra Seu Futuro Hoje - Bruxaria Solit\u00e1ria - O caminho solit\u00e1rio sob as Tochas de H\u00e9cate","isPartOf":{"@id":"https:\/\/bruxariasolitaria.blog\/#website"},"primaryImageOfPage":{"@id":"https:\/\/bruxariasolitaria.blog\/produto\/leitura-de-oraculo\/#primaryimage"},"image":{"@id":"https:\/\/bruxariasolitaria.blog\/produto\/leitura-de-oraculo\/#primaryimage"},"thumbnailUrl":"https:\/\/i0.wp.com\/bruxariasolitaria.blog\/wp-content\/uploads\/2025\/12\/Sem-titulo-5.png?fit=1080%2C1080&ssl=1","datePublished":"2025-12-25T17:33:24+00:00","dateModified":"2025-12-25T17:47:34+00:00","description":"Desvende mist\u00e9rios e surpresas com a leitura de cartas. Permita-se explorar a sabedoria que elas oferecem e mude sua perspectiva! \u2728","breadcrumb":{"@id":"https:\/\/bruxariasolitaria.blog\/produto\/leitura-de-oraculo\/#breadcrumb"},"inLanguage":"en-GB","potentialAction":[{"@type":"ReadAction","target":["https:\/\/bruxariasolitaria.blog\/produto\/leitura-de-oraculo\/"]}]},{"@type":"ImageObject","inLanguage":"en-GB","@id":"https:\/\/bruxariasolitaria.blog\/produto\/leitura-de-oraculo\/#primaryimage","url":"https:\/\/i0.wp.com\/bruxariasolitaria.blog\/wp-content\/uploads\/2025\/12\/Sem-titulo-5.png?fit=1080%2C1080&ssl=1","contentUrl":"https:\/\/i0.wp.com\/bruxariasolitaria.blog\/wp-content\/uploads\/2025\/12\/Sem-titulo-5.png?fit=1080%2C1080&ssl=1","width":1080,"height":1080},{"@type":"BreadcrumbList","@id":"https:\/\/bruxariasolitaria.blog\/produto\/leitura-de-oraculo\/#breadcrumb","itemListElement":[{"@type":"ListItem","position":1,"name":"Home","item":"https:\/\/bruxariasolitaria.blog\/en\/"},{"@type":"ListItem","position":2,"name":"Loja","item":"https:\/\/bruxariasolitaria.blog\/loja\/"},{"@type":"ListItem","position":3,"name":"Leitura de cartas"}]},{"@type":"WebSite","@id":"https:\/\/bruxariasolitaria.blog\/#website","url":"https:\/\/bruxariasolitaria.blog\/","name":"Solitaire Witchcraft - The lonely path under Hekate's torches","description":"Personal blog of a witch-in-training walking on her own under the moon","publisher":{"@id":"https:\/\/bruxariasolitaria.blog\/#organization"},"potentialAction":[{"@type":"SearchAction","target":{"@type":"EntryPoint","urlTemplate":"https:\/\/bruxariasolitaria.blog\/?s={search_term_string}"},"query-input":{"@type":"PropertyValueSpecification","valueRequired":true,"valueName":"search_term_string"}}],"inLanguage":"en-GB"},{"@type":["Organization","Place"],"@id":"https:\/\/bruxariasolitaria.blog\/#organization","name":"Solitaire Witchcraft - The lonely path under Hekate's torches","url":"https:\/\/bruxariasolitaria.blog\/","logo":{"@id":"https:\/\/bruxariasolitaria.blog\/produto\/leitura-de-oraculo\/#local-main-organization-logo"},"image":{"@id":"https:\/\/bruxariasolitaria.blog\/produto\/leitura-de-oraculo\/#local-main-organization-logo"},"telephone":[],"openingHoursSpecification":[{"@type":"OpeningHoursSpecification","dayOfWeek":["Sunday","Monday","Tuesday","Wednesday","Thursday","Friday","Saturday"],"opens":"09:00","closes":"17:00"}]},{"@type":"ImageObject","inLanguage":"en-GB","@id":"https:\/\/bruxariasolitaria.blog\/produto\/leitura-de-oraculo\/#local-main-organization-logo","url":"https:\/\/i0.wp.com\/bruxariasolitaria.blog\/wp-content\/uploads\/2024\/02\/Transparent-Logo-4.png?fit=2900%2C2121&ssl=1","contentUrl":"https:\/\/i0.wp.com\/bruxariasolitaria.blog\/wp-content\/uploads\/2024\/02\/Transparent-Logo-4.png?fit=2900%2C2121&ssl=1","width":2900,"height":2121,"caption":"Bruxaria Solit\u00e1ria - O caminho solit\u00e1rio sob as Tochas de H\u00e9cate"}]},"product_price_amount":"250.00","product_price_currency":"BRL","og_availability":"instock","product_availability":"instock","product_condition":"new"},"jetpack_likes_enabled":true,"jetpack_sharing_enabled":true,"jetpack-related-posts":[],"_links":{"self":[{"href":"https:\/\/bruxariasolitaria.blog\/en\/wp-json\/wp\/v2\/product\/2977","targetHints":{"allow":["GET"]}}],"collection":[{"href":"https:\/\/bruxariasolitaria.blog\/en\/wp-json\/wp\/v2\/product"}],"about":[{"href":"https:\/\/bruxariasolitaria.blog\/en\/wp-json\/wp\/v2\/types\/product"}],"replies":[{"embeddable":true,"href":"https:\/\/bruxariasolitaria.blog\/en\/wp-json\/wp\/v2\/comments?post=2977"}],"wp:featuredmedia":[{"embeddable":true,"href":"https:\/\/bruxariasolitaria.blog\/en\/wp-json\/wp\/v2\/media\/2980"}],"wp:attachment":[{"href":"https:\/\/bruxariasolitaria.blog\/en\/wp-json\/wp\/v2\/media?parent=2977"}],"wp:term":[{"taxonomy":"product_brand","embeddable":true,"href":"https:\/\/bruxariasolitaria.blog\/en\/wp-json\/wp\/v2\/product_brand?post=2977"},{"taxonomy":"product_cat","embeddable":true,"href":"https:\/\/bruxariasolitaria.blog\/en\/wp-json\/wp\/v2\/product_cat?post=2977"},{"taxonomy":"product_tag","embeddable":true,"href":"https:\/\/bruxariasolitaria.blog\/en\/wp-json\/wp\/v2\/product_tag?post=2977"}],"curies":[{"name":"wp","href":"https:\/\/api.w.org\/{rel}","templated":true}]}}